{"id":15,"date":"2020-03-06T10:38:36","date_gmt":"2020-03-06T09:38:36","guid":{"rendered":"http:\/\/www.firasbenhamida.com\/?page_id=15"},"modified":"2022-04-28T15:07:05","modified_gmt":"2022-04-28T13:07:05","slug":"accueil","status":"publish","type":"page","link":"https:\/\/www.firasbenhamida.com\/","title":{"rendered":"Biographie"},"content":{"rendered":"\n<div class=\"wp-block-media-text alignwide is-stacked-on-mobile\"><figure class=\"wp-block-media-text__media\"><img loading=\"lazy\" decoding=\"async\" width=\"232\" height=\"373\" src=\"http:\/\/www.firasbenhamida.com\/wp-content\/uploads\/2020\/03\/Capture-d\u2019\u00e9cran-2020-03-07-\u00e0-11.45.26.png\" alt=\"\" class=\"wp-image-79 size-full\" srcset=\"https:\/\/www.firasbenhamida.com\/wp-content\/uploads\/2020\/03\/Capture-d\u2019\u00e9cran-2020-03-07-\u00e0-11.45.26.png 232w, https:\/\/www.firasbenhamida.com\/wp-content\/uploads\/2020\/03\/Capture-d\u2019\u00e9cran-2020-03-07-\u00e0-11.45.26-187x300.png 187w\" sizes=\"auto, (max-width: 232px) 100vw, 232px\" \/><\/figure><div class=\"wp-block-media-text__content\">\n<p>Firas BEN HAMIDA,&nbsp;<\/p>\n\n\n\n<p>Ing\u00e9nieur Informatique de Formation.&nbsp;<\/p>\n\n\n\n<p>Entrepreneur et consultant en nouvelles technologies.<\/p>\n\n\n\n<p>Photographe.<\/p>\n\n\n\n<p>Passionn\u00e9 de photographie depuis mon jeune age, j\u2019ai commenc\u00e9 en 1993 avec un petit compact&nbsp;&nbsp;Kodak S100 EF&nbsp;achet\u00e9 en Egypt.<\/p>\n\n\n\n<p>En 1998, je touche au premier reflex emprunt\u00e9 \u00e0 un ami pour immortaliser la saison estivale qui co\u00efncide avec l\u2019ann\u00e9e de mon Bac. Je m\u2019amusais \u00e0 prendre des portraits sous plusieurs formes.<\/p>\n\n\n\n<p>Depuis 2005, je suis pass\u00e9 \u00e0 un compact HP num\u00e9rique, puis un bridge Kodak.<\/p>\n\n\n\n<p>D\u00e9but 2010 j\u2019ai achet\u00e9 mon premier reflex canon 500D, et depuis j\u2019ai suivi l\u2019\u00e9volution du mat\u00e9riel en diversifiant boitiers et objectifs, la photo de sports, photos de spectacles, concert, portrait, la photo de paysage.<\/p>\n<\/div><\/div>\n\n\n\n<div class=\"wp-block-media-text alignwide is-stacked-on-mobile\"><figure class=\"wp-block-media-text__media\"><\/figure><div class=\"wp-block-media-text__content\">\n<p class=\"has-large-font-size\"><\/p>\n<\/div><\/div>\n","protected":false},"excerpt":{"rendered":"<p>Firas BEN HAMIDA,&nbsp; Ing\u00e9nieur Informatique de Formation.&nbsp; Entrepreneur et consultant en nouvelles technologies. Photographe. Passionn\u00e9 de photographie depuis mon jeune [&hellip;]<\/p>\n","protected":false},"author":1,"featured_media":0,"parent":0,"menu_order":0,"comment_status":"closed","ping_status":"closed","template":"template-full.php","meta":{"site-sidebar-layout":"default","site-content-layout":"","ast-site-content-layout":"default","site-content-style":"default","site-sidebar-style":"default","ast-global-header-display":"","ast-banner-title-visibility":"","ast-main-header-display":"","ast-hfb-above-header-display":"","ast-hfb-below-header-display":"","ast-hfb-mobile-header-display":"","site-post-title":"","ast-breadcrumbs-content":"","ast-featured-img":"","footer-sml-layout":"","theme-transparent-header-meta":"","adv-header-id-meta":"","stick-header-meta":"","header-above-stick-meta":"","header-main-stick-meta":"","header-below-stick-meta":"","astra-migrate-meta-layouts":"default","ast-page-background-enabled":"default","ast-page-background-meta":{"desktop":{"background-color":"var(--ast-global-color-5)","background-image":"","background-repeat":"repeat","background-position":"center center","background-size":"auto","background-attachment":"scroll","background-type":"","background-media":"","overlay-type":"","overlay-color":"","overlay-opacity":"","overlay-gradient":""},"tablet":{"background-color":"","background-image":"","background-repeat":"repeat","background-position":"center center","background-size":"auto","background-attachment":"scroll","background-type":"","background-media":"","overlay-type":"","overlay-color":"","overlay-opacity":"","overlay-gradient":""},"mobile":{"background-color":"","background-image":"","background-repeat":"repeat","background-position":"center center","background-size":"auto","background-attachment":"scroll","background-type":"","background-media":"","overlay-type":"","overlay-color":"","overlay-opacity":"","overlay-gradient":""}},"ast-content-background-meta":{"desktop":{"background-color":"var(--ast-global-color-4)","background-image":"","background-repeat":"repeat","background-position":"center center","background-size":"auto","background-attachment":"scroll","background-type":"","background-media":"","overlay-type":"","overlay-color":"","overlay-opacity":"","overlay-gradient":""},"tablet":{"background-color":"var(--ast-global-color-4)","background-image":"","background-repeat":"repeat","background-position":"center center","background-size":"auto","background-attachment":"scroll","background-type":"","background-media":"","overlay-type":"","overlay-color":"","overlay-opacity":"","overlay-gradient":""},"mobile":{"background-color":"var(--ast-global-color-4)","background-image":"","background-repeat":"repeat","background-position":"center center","background-size":"auto","background-attachment":"scroll","background-type":"","background-media":"","overlay-type":"","overlay-color":"","overlay-opacity":"","overlay-gradient":""}},"footnotes":""},"class_list":["post-15","page","type-page","status-publish","hentry"],"_links":{"self":[{"href":"https:\/\/www.firasbenhamida.com\/index.php\/wp-json\/wp\/v2\/pages\/15","targetHints":{"allow":["GET"]}}],"collection":[{"href":"https:\/\/www.firasbenhamida.com\/index.php\/wp-json\/wp\/v2\/pages"}],"about":[{"href":"https:\/\/www.firasbenhamida.com\/index.php\/wp-json\/wp\/v2\/types\/page"}],"author":[{"embeddable":true,"href":"https:\/\/www.firasbenhamida.com\/index.php\/wp-json\/wp\/v2\/users\/1"}],"replies":[{"embeddable":true,"href":"https:\/\/www.firasbenhamida.com\/index.php\/wp-json\/wp\/v2\/comments?post=15"}],"version-history":[{"count":7,"href":"https:\/\/www.firasbenhamida.com\/index.php\/wp-json\/wp\/v2\/pages\/15\/revisions"}],"predecessor-version":[{"id":172,"href":"https:\/\/www.firasbenhamida.com\/index.php\/wp-json\/wp\/v2\/pages\/15\/revisions\/172"}],"wp:attachment":[{"href":"https:\/\/www.firasbenhamida.com\/index.php\/wp-json\/wp\/v2\/media?parent=15"}],"curies":[{"name":"wp","href":"https:\/\/api.w.org\/{rel}","templated":true}]}}